{"id":357,"date":"2021-06-04T13:10:22","date_gmt":"2021-06-04T11:10:22","guid":{"rendered":"https:\/\/www.larosadg.sk\/gallery\/"},"modified":"2023-02-27T19:52:34","modified_gmt":"2023-02-27T18:52:34","slug":"gallery","status":"publish","type":"page","link":"https:\/\/www.larosadg.sk\/en\/gallery\/","title":{"rendered":"Gallery"},"content":{"rendered":"<p>[et_pb_section fb_built=&#8221;1&#8243; _builder_version=&#8221;4.9.4&#8243; _module_preset=&#8221;default&#8221; background_color=&#8221;#F8D3F7&#8243; custom_padding=&#8221;21px||151px|||&#8221; top_divider_style=&#8221;wave2&#8243; top_divider_color=&#8221;#FFFFFF&#8221; top_divider_height=&#8221;103px&#8221; bottom_divider_style=&#8221;wave2&#8243; bottom_divider_color=&#8221;#FFFFFF&#8221; bottom_divider_height=&#8221;97px&#8221;][et_pb_row _builder_version=&#8221;4.9.4&#8243; _module_preset=&#8221;default&#8221; transform_translate=&#8221;-115px|68px&#8221;][et_pb_column type=&#8221;4_4&#8243; _builder_version=&#8221;4.9.4&#8243; _module_preset=&#8221;default&#8221;][et_pb_text _builder_version=&#8221;4.9.4&#8243; _module_preset=&#8221;default&#8221; text_font=&#8221;Allura||||||||&#8221; header_text_align=&#8221;right&#8221; header_font_size=&#8221;73px&#8221; header_text_shadow_style=&#8221;preset1&#8243; header_text_shadow_vertical_length=&#8221;0.06em&#8221;]<\/p>\n<h1>Gallery<\/h1>\n<p>[\/et_pb_text][\/et_pb_column][\/et_pb_row][\/et_pb_section][et_pb_section fb_built=&#8221;1&#8243; _builder_version=&#8221;4.9.4&#8243; _module_preset=&#8221;default&#8221;][et_pb_row use_custom_gutter=&#8221;on&#8221; gutter_width=&#8221;2&#8243; _builder_version=&#8221;4.9.4&#8243; _module_preset=&#8221;default&#8221; width=&#8221;90%&#8221;][et_pb_column type=&#8221;4_4&#8243; _builder_version=&#8221;4.9.4&#8243; _module_preset=&#8221;default&#8221;][et_pb_gallery gallery_ids=&#8221;253,1505,1459,261,1453,271,263,1475,255,279,273,267,293,296,653,269,275,259,667,655,663,661,659,1471,657,665,1455,651,647,1457,375,265,137,1477,1473,1461,1451,1435&#8243; posts_number=&#8221;38&#8243; orientation=&#8221;portrait&#8221; show_title_and_caption=&#8221;off&#8221; show_pagination=&#8221;off&#8221; _builder_version=&#8221;4.9.10&#8243; _module_preset=&#8221;default&#8221; background_color=&#8221;RGBA(0,0,0,0)&#8221; custom_margin=&#8221;0px||||false|false&#8221; hover_enabled=&#8221;0&#8243; border_width_all=&#8221;4px&#8221; border_color_all=&#8221;#F8D3F7&#8243; border_style_all=&#8221;double&#8221; box_shadow_style_image=&#8221;preset2&#8243; sticky_enabled=&#8221;0&#8243;][\/et_pb_gallery][\/et_pb_column][\/et_pb_row][\/et_pb_section][et_pb_section fb_built=&#8221;1&#8243; prev_background_color=&#8221;#ffffff&#8221; _builder_version=&#8221;4.9.4&#8243; _module_preset=&#8221;default&#8221; background_color=&#8221;#F8D3F7&#8243; custom_padding=&#8221;||96px|||&#8221; top_divider_style=&#8221;wave2&#8243;][\/et_pb_section]<\/p>\n","protected":false},"excerpt":{"rendered":"<p>Gallery<\/p>\n","protected":false},"author":1,"featured_media":0,"parent":0,"menu_order":0,"comment_status":"closed","ping_status":"closed","template":"","meta":{"_et_pb_use_builder":"on","_et_pb_old_content":"","_et_gb_content_width":""},"yoast_head":"<!-- This site is optimized with the Yoast SEO plugin v16.7 - https:\/\/yoast.com\/wordpress\/plugins\/seo\/ -->\n<title>Gallery - La Rosa Dance Group<\/title>\n<meta name=\"description\" content=\"Look at a gallery of our performances, choreography, colorful costumes and attractive themes that will make every event an unforgettable event.\" \/>\n<meta name=\"robots\" content=\"index, follow, max-snippet:-1, max-image-preview:large, max-video-preview:-1\" \/>\n<link rel=\"canonical\" href=\"https:\/\/www.larosadg.sk\/en\/gallery\/\" \/>\n<meta property=\"og:locale\" content=\"en_US\" \/>\n<meta property=\"og:type\" content=\"article\" \/>\n<meta property=\"og:title\" content=\"Gallery - La Rosa Dance Group\" \/>\n<meta property=\"og:description\" content=\"Look at a gallery of our performances, choreography, colorful costumes and attractive themes that will make every event an unforgettable event.\" \/>\n<meta property=\"og:url\" content=\"https:\/\/www.larosadg.sk\/en\/gallery\/\" \/>\n<meta property=\"og:site_name\" content=\"larosadg.sk\" \/>\n<meta property=\"article:publisher\" content=\"https:\/\/www.facebook.com\/larosadancegroup\" \/>\n<meta property=\"article:modified_time\" content=\"2023-02-27T18:52:34+00:00\" \/>\n<meta property=\"og:image\" content=\"https:\/\/www.larosadg.sk\/wp-content\/uploads\/2021\/06\/cubanpete13_Fotor.jpg\" \/>\n\t<meta property=\"og:image:width\" content=\"800\" \/>\n\t<meta property=\"og:image:height\" content=\"533\" \/>\n<meta name=\"twitter:card\" content=\"summary_large_image\" \/>\n<meta name=\"twitter:label1\" content=\"Est. reading time\" \/>\n\t<meta name=\"twitter:data1\" content=\"1 minute\" \/>\n<script type=\"application\/ld+json\" class=\"yoast-schema-graph\">{\"@context\":\"https:\/\/schema.org\",\"@graph\":[{\"@type\":\"Organization\",\"@id\":\"https:\/\/www.larosadg.sk\/#organization\",\"name\":\"La Rosa DG, o.z.\",\"url\":\"https:\/\/www.larosadg.sk\/\",\"sameAs\":[\"https:\/\/www.facebook.com\/larosadancegroup\",\"https:\/\/www.instagram.com\/larosadancegroup\/\"],\"logo\":{\"@type\":\"ImageObject\",\"@id\":\"https:\/\/www.larosadg.sk\/#logo\",\"inLanguage\":\"en-US\",\"url\":\"https:\/\/www.larosadg.sk\/wp-content\/uploads\/2021\/06\/logo-La-rosa-optimized.jpg\",\"contentUrl\":\"https:\/\/www.larosadg.sk\/wp-content\/uploads\/2021\/06\/logo-La-rosa-optimized.jpg\",\"width\":830,\"height\":1011,\"caption\":\"La Rosa DG, o.z.\"},\"image\":{\"@id\":\"https:\/\/www.larosadg.sk\/#logo\"}},{\"@type\":\"WebSite\",\"@id\":\"https:\/\/www.larosadg.sk\/#website\",\"url\":\"https:\/\/www.larosadg.sk\/\",\"name\":\"larosadg.sk\",\"description\":\"Profesion\\u00e1lna tane\\u010dn\\u00e1 skupina\",\"publisher\":{\"@id\":\"https:\/\/www.larosadg.sk\/#organization\"},\"potentialAction\":[{\"@type\":\"SearchAction\",\"target\":{\"@type\":\"EntryPoint\",\"urlTemplate\":\"https:\/\/www.larosadg.sk\/?s={search_term_string}\"},\"query-input\":\"required name=search_term_string\"}],\"inLanguage\":\"en-US\"},{\"@type\":\"WebPage\",\"@id\":\"https:\/\/www.larosadg.sk\/en\/gallery\/#webpage\",\"url\":\"https:\/\/www.larosadg.sk\/en\/gallery\/\",\"name\":\"Gallery - La Rosa Dance Group\",\"isPartOf\":{\"@id\":\"https:\/\/www.larosadg.sk\/#website\"},\"datePublished\":\"2021-06-04T11:10:22+00:00\",\"dateModified\":\"2023-02-27T18:52:34+00:00\",\"description\":\"Look at a gallery of our performances, choreography, colorful costumes and attractive themes that will make every event an unforgettable event.\",\"breadcrumb\":{\"@id\":\"https:\/\/www.larosadg.sk\/en\/gallery\/#breadcrumb\"},\"inLanguage\":\"en-US\",\"potentialAction\":[{\"@type\":\"ReadAction\",\"target\":[\"https:\/\/www.larosadg.sk\/en\/gallery\/\"]}]},{\"@type\":\"BreadcrumbList\",\"@id\":\"https:\/\/www.larosadg.sk\/en\/gallery\/#breadcrumb\",\"itemListElement\":[{\"@type\":\"ListItem\",\"position\":1,\"name\":\"Home\",\"item\":\"https:\/\/www.larosadg.sk\/en\/\"},{\"@type\":\"ListItem\",\"position\":2,\"name\":\"Gallery\"}]}]}<\/script>\n<!-- \/ Yoast SEO plugin. -->","yoast_head_json":{"title":"Gallery - La Rosa Dance Group","description":"Look at a gallery of our performances, choreography, colorful costumes and attractive themes that will make every event an unforgettable event.","robots":{"index":"index","follow":"follow","max-snippet":"max-snippet:-1","max-image-preview":"max-image-preview:large","max-video-preview":"max-video-preview:-1"},"canonical":"https:\/\/www.larosadg.sk\/en\/gallery\/","og_locale":"en_US","og_type":"article","og_title":"Gallery - La Rosa Dance Group","og_description":"Look at a gallery of our performances, choreography, colorful costumes and attractive themes that will make every event an unforgettable event.","og_url":"https:\/\/www.larosadg.sk\/en\/gallery\/","og_site_name":"larosadg.sk","article_publisher":"https:\/\/www.facebook.com\/larosadancegroup","article_modified_time":"2023-02-27T18:52:34+00:00","og_image":[{"width":800,"height":533,"url":"https:\/\/www.larosadg.sk\/wp-content\/uploads\/2021\/06\/cubanpete13_Fotor.jpg","path":"\/data\/a\/6\/a6ea6e4e-3c90-4072-be42-76021d156ea5\/larosadg.sk\/web\/wp-content\/uploads\/2021\/06\/cubanpete13_Fotor.jpg","size":"full","id":630,"alt":"","pixels":426400,"type":"image\/jpeg"}],"twitter_card":"summary_large_image","twitter_misc":{"Est. reading time":"1 minute"},"schema":{"@context":"https:\/\/schema.org","@graph":[{"@type":"Organization","@id":"https:\/\/www.larosadg.sk\/#organization","name":"La Rosa DG, o.z.","url":"https:\/\/www.larosadg.sk\/","sameAs":["https:\/\/www.facebook.com\/larosadancegroup","https:\/\/www.instagram.com\/larosadancegroup\/"],"logo":{"@type":"ImageObject","@id":"https:\/\/www.larosadg.sk\/#logo","inLanguage":"en-US","url":"https:\/\/www.larosadg.sk\/wp-content\/uploads\/2021\/06\/logo-La-rosa-optimized.jpg","contentUrl":"https:\/\/www.larosadg.sk\/wp-content\/uploads\/2021\/06\/logo-La-rosa-optimized.jpg","width":830,"height":1011,"caption":"La Rosa DG, o.z."},"image":{"@id":"https:\/\/www.larosadg.sk\/#logo"}},{"@type":"WebSite","@id":"https:\/\/www.larosadg.sk\/#website","url":"https:\/\/www.larosadg.sk\/","name":"larosadg.sk","description":"Profesion\u00e1lna tane\u010dn\u00e1 skupina","publisher":{"@id":"https:\/\/www.larosadg.sk\/#organization"},"potentialAction":[{"@type":"SearchAction","target":{"@type":"EntryPoint","urlTemplate":"https:\/\/www.larosadg.sk\/?s={search_term_string}"},"query-input":"required name=search_term_string"}],"inLanguage":"en-US"},{"@type":"WebPage","@id":"https:\/\/www.larosadg.sk\/en\/gallery\/#webpage","url":"https:\/\/www.larosadg.sk\/en\/gallery\/","name":"Gallery - La Rosa Dance Group","isPartOf":{"@id":"https:\/\/www.larosadg.sk\/#website"},"datePublished":"2021-06-04T11:10:22+00:00","dateModified":"2023-02-27T18:52:34+00:00","description":"Look at a gallery of our performances, choreography, colorful costumes and attractive themes that will make every event an unforgettable event.","breadcrumb":{"@id":"https:\/\/www.larosadg.sk\/en\/gallery\/#breadcrumb"},"inLanguage":"en-US","potentialAction":[{"@type":"ReadAction","target":["https:\/\/www.larosadg.sk\/en\/gallery\/"]}]},{"@type":"BreadcrumbList","@id":"https:\/\/www.larosadg.sk\/en\/gallery\/#breadcrumb","itemListElement":[{"@type":"ListItem","position":1,"name":"Home","item":"https:\/\/www.larosadg.sk\/en\/"},{"@type":"ListItem","position":2,"name":"Gallery"}]}]}},"_links":{"self":[{"href":"https:\/\/www.larosadg.sk\/en\/wp-json\/wp\/v2\/pages\/357"}],"collection":[{"href":"https:\/\/www.larosadg.sk\/en\/wp-json\/wp\/v2\/pages"}],"about":[{"href":"https:\/\/www.larosadg.sk\/en\/wp-json\/wp\/v2\/types\/page"}],"author":[{"embeddable":true,"href":"https:\/\/www.larosadg.sk\/en\/wp-json\/wp\/v2\/users\/1"}],"replies":[{"embeddable":true,"href":"https:\/\/www.larosadg.sk\/en\/wp-json\/wp\/v2\/comments?post=357"}],"version-history":[{"count":6,"href":"https:\/\/www.larosadg.sk\/en\/wp-json\/wp\/v2\/pages\/357\/revisions"}],"predecessor-version":[{"id":1626,"href":"https:\/\/www.larosadg.sk\/en\/wp-json\/wp\/v2\/pages\/357\/revisions\/1626"}],"wp:attachment":[{"href":"https:\/\/www.larosadg.sk\/en\/wp-json\/wp\/v2\/media?parent=357"}],"curies":[{"name":"wp","href":"https:\/\/api.w.org\/{rel}","templated":true}]}}