{"id":333,"date":"2021-06-04T12:25:48","date_gmt":"2021-06-04T10:25:48","guid":{"rendered":"https:\/\/www.larosadg.sk\/contact\/"},"modified":"2023-02-27T19:53:29","modified_gmt":"2023-02-27T18:53:29","slug":"contact","status":"publish","type":"page","link":"https:\/\/www.larosadg.sk\/en\/contact\/","title":{"rendered":"Contact"},"content":{"rendered":"<p>[et_pb_section fb_built=&#8221;1&#8243; _builder_version=&#8221;4.9.4&#8243; _module_preset=&#8221;default&#8221; background_color=&#8221;#F8D3F7&#8243; custom_padding=&#8221;26px||0px|||&#8221;][et_pb_row _builder_version=&#8221;4.9.4&#8243; _module_preset=&#8221;default&#8221;][et_pb_column type=&#8221;4_4&#8243; _builder_version=&#8221;4.9.4&#8243; _module_preset=&#8221;default&#8221;][et_pb_text _builder_version=&#8221;4.9.4&#8243; _module_preset=&#8221;default&#8221; text_font=&#8221;Allura||||||||&#8221; header_text_align=&#8221;right&#8221; header_font_size=&#8221;79px&#8221; text_font_tablet=&#8221;&#8221; text_font_phone=&#8221;&#8221; text_font_last_edited=&#8221;on|desktop&#8221; text_font_size_tablet=&#8221;&#8221; text_font_size_phone=&#8221;&#8221; text_font_size_last_edited=&#8221;on|phone&#8221; header_font_size_tablet=&#8221;&#8221; header_font_size_phone=&#8221;80px&#8221; header_font_size_last_edited=&#8221;on|phone&#8221; text_text_shadow_style=&#8221;preset1&#8243; header_text_shadow_style=&#8221;preset1&#8243; header_text_shadow_vertical_length=&#8221;0.08em&#8221;]<\/p>\n<h1>Contact<\/h1>\n<p>[\/et_pb_text][\/et_pb_column][\/et_pb_row][\/et_pb_section][et_pb_section fb_built=&#8221;1&#8243; prev_background_color=&#8221;#F8D3F7&#8243; _builder_version=&#8221;4.9.4&#8243; _module_preset=&#8221;default&#8221; custom_padding=&#8221;81px||0px|||&#8221; top_divider_style=&#8221;wave2&#8243;][et_pb_row column_structure=&#8221;1_2,1_2&#8243; _builder_version=&#8221;4.9.4&#8243; _module_preset=&#8221;default&#8221; custom_padding=&#8221;||0px|||&#8221;][et_pb_column type=&#8221;1_2&#8243; _builder_version=&#8221;4.9.4&#8243; _module_preset=&#8221;default&#8221;][et_pb_image src=&#8221;https:\/\/www.larosadg.sk\/wp-content\/uploads\/2021\/06\/logo-La-rosa-optimized.jpg&#8221; title_text=&#8221;logo 6&#8243; _builder_version=&#8221;4.9.4&#8243; _module_preset=&#8221;default&#8221; transform_scale=&#8221;86%|86%&#8221; transform_translate=&#8221;-67px|-102px&#8221; custom_padding=&#8221;||0px|||&#8221;][\/et_pb_image][\/et_pb_column][et_pb_column type=&#8221;1_2&#8243; _builder_version=&#8221;4.9.4&#8243; _module_preset=&#8221;default&#8221;][et_pb_text content_tablet=&#8221;&#8221; content_phone=&#8221;&#8221; content_last_edited=&#8221;on|desktop&#8221; _builder_version=&#8221;4.9.4&#8243; _module_preset=&#8221;default&#8221; text_font=&#8221;Poppins||||||||&#8221; text_text_color=&#8221;#474747&#8243; text_font_size=&#8221;17px&#8221; transform_scale_tablet=&#8221;&#8221; transform_scale_phone=&#8221;&#8221; transform_scale_last_edited=&#8221;on|phone&#8221; transform_translate_tablet=&#8221;&#8221; transform_translate_phone=&#8221;1px|-93px&#8221; transform_translate_last_edited=&#8221;on|desktop&#8221; transform_rotate_tablet=&#8221;&#8221; transform_rotate_phone=&#8221;&#8221; transform_rotate_last_edited=&#8221;on|desktop&#8221; transform_skew_tablet=&#8221;&#8221; transform_skew_phone=&#8221;&#8221; transform_skew_last_edited=&#8221;on|desktop&#8221; transform_origin_tablet=&#8221;&#8221; transform_origin_phone=&#8221;&#8221; transform_origin_last_edited=&#8221;on|desktop&#8221; transform_styles_last_edited=&#8221;on|phone&#8221; text_orientation=&#8221;center&#8221; custom_margin=&#8221;43px|||-10px|false|false&#8221; transform_styles_tablet=&#8221;&#8221; transform_styles_phone=&#8221;&#8221;]<\/p>\n<p style=\"text-align: left;\">Mobil:<\/p>\n<p style=\"text-align: left;\">+421 916 152 408<\/p>\n<p style=\"text-align: left;\">+421 910 169 310<\/p>\n<p style=\"text-align: left;\">\n<p style=\"text-align: left;\">E-mail:<\/p>\n<p style=\"text-align: left;\">larosadancegroup@gmail.com<\/p>\n<p>[\/et_pb_text][et_pb_contact_form captcha=&#8221;off&#8221; email=&#8221;kontakt@larosadg.sk&#8221; custom_message=&#8221;Meno: %%Meno%%||et_pb_line_break_holder||||et_pb_line_break_holder||E-mail: %%E-mail%%||et_pb_line_break_holder||||et_pb_line_break_holder||Spr\u00e1va: %%Spr\u00e1va%%&#8221; success_message=&#8221;Your message has been sent&#8221; submit_button_text=&#8221;Send&#8221; _builder_version=&#8221;4.9.4&#8243; _module_preset=&#8221;default&#8221; form_field_background_color=&#8221;#F8D3F7&#8243; form_field_text_color=&#8221;#474747&#8243; form_field_font_size=&#8221;16px&#8221; transform_translate=&#8221;-12px|12px&#8221;][et_pb_contact_field field_id=&#8221;Meno&#8221; field_title=&#8221;Name&#8221; _builder_version=&#8221;4.9.4&#8243; button_text_size__hover_enabled=&#8221;off&#8221; button_one_text_size__hover_enabled=&#8221;off&#8221; button_two_text_size__hover_enabled=&#8221;off&#8221; button_text_color__hover_enabled=&#8221;off&#8221; button_one_text_color__hover_enabled=&#8221;off&#8221; button_two_text_color__hover_enabled=&#8221;off&#8221; button_border_width__hover_enabled=&#8221;off&#8221; button_one_border_width__hover_enabled=&#8221;off&#8221; button_two_border_width__hover_enabled=&#8221;off&#8221; button_border_color__hover_enabled=&#8221;off&#8221; button_one_border_color__hover_enabled=&#8221;off&#8221; button_two_border_color__hover_enabled=&#8221;off&#8221; button_border_radius__hover_enabled=&#8221;off&#8221; button_one_border_radius__hover_enabled=&#8221;off&#8221; button_two_border_radius__hover_enabled=&#8221;off&#8221; button_letter_spacing__hover_enabled=&#8221;off&#8221; button_one_letter_spacing__hover_enabled=&#8221;off&#8221; button_two_letter_spacing__hover_enabled=&#8221;off&#8221; button_bg_color__hover_enabled=&#8221;off&#8221; button_one_bg_color__hover_enabled=&#8221;off&#8221; button_two_bg_color__hover_enabled=&#8221;off&#8221;][\/et_pb_contact_field][et_pb_contact_field field_id=&#8221;E-mail&#8221; field_title=&#8221;E-mail&#8221; field_type=&#8221;email&#8221; _builder_version=&#8221;4.9.4&#8243; button_text_size__hover_enabled=&#8221;off&#8221; button_one_text_size__hover_enabled=&#8221;off&#8221; button_two_text_size__hover_enabled=&#8221;off&#8221; button_text_color__hover_enabled=&#8221;off&#8221; button_one_text_color__hover_enabled=&#8221;off&#8221; button_two_text_color__hover_enabled=&#8221;off&#8221; button_border_width__hover_enabled=&#8221;off&#8221; button_one_border_width__hover_enabled=&#8221;off&#8221; button_two_border_width__hover_enabled=&#8221;off&#8221; button_border_color__hover_enabled=&#8221;off&#8221; button_one_border_color__hover_enabled=&#8221;off&#8221; button_two_border_color__hover_enabled=&#8221;off&#8221; button_border_radius__hover_enabled=&#8221;off&#8221; button_one_border_radius__hover_enabled=&#8221;off&#8221; button_two_border_radius__hover_enabled=&#8221;off&#8221; button_letter_spacing__hover_enabled=&#8221;off&#8221; button_one_letter_spacing__hover_enabled=&#8221;off&#8221; button_two_letter_spacing__hover_enabled=&#8221;off&#8221; button_bg_color__hover_enabled=&#8221;off&#8221; button_one_bg_color__hover_enabled=&#8221;off&#8221; button_two_bg_color__hover_enabled=&#8221;off&#8221;][\/et_pb_contact_field][et_pb_contact_field field_id=&#8221;Spr\u00e1va&#8221; field_title=&#8221;Message&#8221; field_type=&#8221;text&#8221; fullwidth_field=&#8221;on&#8221; _builder_version=&#8221;4.9.4&#8243; button_text_size__hover_enabled=&#8221;off&#8221; button_one_text_size__hover_enabled=&#8221;off&#8221; button_two_text_size__hover_enabled=&#8221;off&#8221; button_text_color__hover_enabled=&#8221;off&#8221; button_one_text_color__hover_enabled=&#8221;off&#8221; button_two_text_color__hover_enabled=&#8221;off&#8221; button_border_width__hover_enabled=&#8221;off&#8221; button_one_border_width__hover_enabled=&#8221;off&#8221; button_two_border_width__hover_enabled=&#8221;off&#8221; button_border_color__hover_enabled=&#8221;off&#8221; button_one_border_color__hover_enabled=&#8221;off&#8221; button_two_border_color__hover_enabled=&#8221;off&#8221; button_border_radius__hover_enabled=&#8221;off&#8221; button_one_border_radius__hover_enabled=&#8221;off&#8221; button_two_border_radius__hover_enabled=&#8221;off&#8221; button_letter_spacing__hover_enabled=&#8221;off&#8221; button_one_letter_spacing__hover_enabled=&#8221;off&#8221; button_two_letter_spacing__hover_enabled=&#8221;off&#8221; button_bg_color__hover_enabled=&#8221;off&#8221; button_one_bg_color__hover_enabled=&#8221;off&#8221; button_two_bg_color__hover_enabled=&#8221;off&#8221;][\/et_pb_contact_field][et_pb_contact_field field_id=&#8221;Suhlas&#8221; field_title=&#8221;  &#8221; field_type=&#8221;checkbox&#8221; checkbox_options=&#8221;%91{%22value%22:%22I Agree to %22,%22checked%22:0,%22dragID%22:-1,%22link_url%22:%22https:\/\/www.larosadg.sk\/gdpr\/%22,%22link_text%22:%22Privacy Policy%22}%93&#8243; fullwidth_field=&#8221;on&#8221; _builder_version=&#8221;4.9.4&#8243; _module_preset=&#8221;default&#8221; form_field_font_size=&#8221;14px&#8221;][\/et_pb_contact_field][\/et_pb_contact_form][\/et_pb_column][\/et_pb_row][\/et_pb_section][et_pb_section fb_built=&#8221;1&#8243; prev_background_color=&#8221;#ffffff&#8221; _builder_version=&#8221;4.9.4&#8243; _module_preset=&#8221;default&#8221; background_color=&#8221;#F8D3F7&#8243; custom_padding=&#8221;1px||141px|||&#8221; top_divider_style=&#8221;wave2&#8243;][\/et_pb_section]<\/p>\n","protected":false},"excerpt":{"rendered":"<p>Contact Mobil: +421 916 152 408 +421 910 169 310 E-mail: larosadancegroup@gmail.com Name E-mail Message I Agree to Privacy Policy Send<\/p>\n","protected":false},"author":1,"featured_media":0,"parent":0,"menu_order":0,"comment_status":"closed","ping_status":"closed","template":"","meta":{"_et_pb_use_builder":"on","_et_pb_old_content":"","_et_gb_content_width":""},"yoast_head":"<!-- This site is optimized with the Yoast SEO plugin v16.7 - https:\/\/yoast.com\/wordpress\/plugins\/seo\/ -->\n<title>Contact - La Rosa - You can find us here<\/title>\n<meta name=\"description\" content=\"Are you interested in our performance? Or do you want to prepare a tailor-made dance program? Mobil: +421 910 169 310, E-mail: larosadancegroup@gmail.com.\" \/>\n<meta name=\"robots\" content=\"index, follow, max-snippet:-1, max-image-preview:large, max-video-preview:-1\" \/>\n<link rel=\"canonical\" href=\"https:\/\/www.larosadg.sk\/en\/contact\/\" \/>\n<meta property=\"og:locale\" content=\"en_US\" \/>\n<meta property=\"og:type\" content=\"article\" \/>\n<meta property=\"og:title\" content=\"Contact - La Rosa - You can find us here\" \/>\n<meta property=\"og:description\" content=\"Are you interested in our performance? Or do you want to prepare a tailor-made dance program? Mobil: +421 910 169 310, E-mail: larosadancegroup@gmail.com.\" \/>\n<meta property=\"og:url\" content=\"https:\/\/www.larosadg.sk\/en\/contact\/\" \/>\n<meta property=\"og:site_name\" content=\"larosadg.sk\" \/>\n<meta property=\"article:publisher\" content=\"https:\/\/www.facebook.com\/larosadancegroup\" \/>\n<meta property=\"article:modified_time\" content=\"2023-02-27T18:53:29+00:00\" \/>\n<meta property=\"og:image\" content=\"https:\/\/www.larosadg.sk\/wp-content\/uploads\/2021\/06\/cubanpete13_Fotor.jpg\" \/>\n\t<meta property=\"og:image:width\" content=\"800\" \/>\n\t<meta property=\"og:image:height\" content=\"533\" \/>\n<meta name=\"twitter:card\" content=\"summary_large_image\" \/>\n<meta name=\"twitter:label1\" content=\"Est. reading time\" \/>\n\t<meta name=\"twitter:data1\" content=\"5 minutes\" \/>\n<script type=\"application\/ld+json\" class=\"yoast-schema-graph\">{\"@context\":\"https:\/\/schema.org\",\"@graph\":[{\"@type\":\"Organization\",\"@id\":\"https:\/\/www.larosadg.sk\/#organization\",\"name\":\"La Rosa DG, o.z.\",\"url\":\"https:\/\/www.larosadg.sk\/\",\"sameAs\":[\"https:\/\/www.facebook.com\/larosadancegroup\",\"https:\/\/www.instagram.com\/larosadancegroup\/\"],\"logo\":{\"@type\":\"ImageObject\",\"@id\":\"https:\/\/www.larosadg.sk\/#logo\",\"inLanguage\":\"en-US\",\"url\":\"https:\/\/www.larosadg.sk\/wp-content\/uploads\/2021\/06\/logo-La-rosa-optimized.jpg\",\"contentUrl\":\"https:\/\/www.larosadg.sk\/wp-content\/uploads\/2021\/06\/logo-La-rosa-optimized.jpg\",\"width\":830,\"height\":1011,\"caption\":\"La Rosa DG, o.z.\"},\"image\":{\"@id\":\"https:\/\/www.larosadg.sk\/#logo\"}},{\"@type\":\"WebSite\",\"@id\":\"https:\/\/www.larosadg.sk\/#website\",\"url\":\"https:\/\/www.larosadg.sk\/\",\"name\":\"larosadg.sk\",\"description\":\"Profesion\\u00e1lna tane\\u010dn\\u00e1 skupina\",\"publisher\":{\"@id\":\"https:\/\/www.larosadg.sk\/#organization\"},\"potentialAction\":[{\"@type\":\"SearchAction\",\"target\":{\"@type\":\"EntryPoint\",\"urlTemplate\":\"https:\/\/www.larosadg.sk\/?s={search_term_string}\"},\"query-input\":\"required name=search_term_string\"}],\"inLanguage\":\"en-US\"},{\"@type\":\"WebPage\",\"@id\":\"https:\/\/www.larosadg.sk\/en\/contact\/#webpage\",\"url\":\"https:\/\/www.larosadg.sk\/en\/contact\/\",\"name\":\"Contact - La Rosa - You can find us here\",\"isPartOf\":{\"@id\":\"https:\/\/www.larosadg.sk\/#website\"},\"datePublished\":\"2021-06-04T10:25:48+00:00\",\"dateModified\":\"2023-02-27T18:53:29+00:00\",\"description\":\"Are you interested in our performance? Or do you want to prepare a tailor-made dance program? Mobil: +421 910 169 310, E-mail: larosadancegroup@gmail.com.\",\"breadcrumb\":{\"@id\":\"https:\/\/www.larosadg.sk\/en\/contact\/#breadcrumb\"},\"inLanguage\":\"en-US\",\"potentialAction\":[{\"@type\":\"ReadAction\",\"target\":[\"https:\/\/www.larosadg.sk\/en\/contact\/\"]}]},{\"@type\":\"BreadcrumbList\",\"@id\":\"https:\/\/www.larosadg.sk\/en\/contact\/#breadcrumb\",\"itemListElement\":[{\"@type\":\"ListItem\",\"position\":1,\"name\":\"Home\",\"item\":\"https:\/\/www.larosadg.sk\/en\/\"},{\"@type\":\"ListItem\",\"position\":2,\"name\":\"Contact\"}]}]}<\/script>\n<!-- \/ Yoast SEO plugin. -->","yoast_head_json":{"title":"Contact - La Rosa - You can find us here","description":"Are you interested in our performance? Or do you want to prepare a tailor-made dance program? Mobil: +421 910 169 310, E-mail: larosadancegroup@gmail.com.","robots":{"index":"index","follow":"follow","max-snippet":"max-snippet:-1","max-image-preview":"max-image-preview:large","max-video-preview":"max-video-preview:-1"},"canonical":"https:\/\/www.larosadg.sk\/en\/contact\/","og_locale":"en_US","og_type":"article","og_title":"Contact - La Rosa - You can find us here","og_description":"Are you interested in our performance? Or do you want to prepare a tailor-made dance program? Mobil: +421 910 169 310, E-mail: larosadancegroup@gmail.com.","og_url":"https:\/\/www.larosadg.sk\/en\/contact\/","og_site_name":"larosadg.sk","article_publisher":"https:\/\/www.facebook.com\/larosadancegroup","article_modified_time":"2023-02-27T18:53:29+00:00","og_image":[{"width":800,"height":533,"url":"https:\/\/www.larosadg.sk\/wp-content\/uploads\/2021\/06\/cubanpete13_Fotor.jpg","path":"\/data\/a\/6\/a6ea6e4e-3c90-4072-be42-76021d156ea5\/larosadg.sk\/web\/wp-content\/uploads\/2021\/06\/cubanpete13_Fotor.jpg","size":"full","id":630,"alt":"","pixels":426400,"type":"image\/jpeg"}],"twitter_card":"summary_large_image","twitter_misc":{"Est. reading time":"5 minutes"},"schema":{"@context":"https:\/\/schema.org","@graph":[{"@type":"Organization","@id":"https:\/\/www.larosadg.sk\/#organization","name":"La Rosa DG, o.z.","url":"https:\/\/www.larosadg.sk\/","sameAs":["https:\/\/www.facebook.com\/larosadancegroup","https:\/\/www.instagram.com\/larosadancegroup\/"],"logo":{"@type":"ImageObject","@id":"https:\/\/www.larosadg.sk\/#logo","inLanguage":"en-US","url":"https:\/\/www.larosadg.sk\/wp-content\/uploads\/2021\/06\/logo-La-rosa-optimized.jpg","contentUrl":"https:\/\/www.larosadg.sk\/wp-content\/uploads\/2021\/06\/logo-La-rosa-optimized.jpg","width":830,"height":1011,"caption":"La Rosa DG, o.z."},"image":{"@id":"https:\/\/www.larosadg.sk\/#logo"}},{"@type":"WebSite","@id":"https:\/\/www.larosadg.sk\/#website","url":"https:\/\/www.larosadg.sk\/","name":"larosadg.sk","description":"Profesion\u00e1lna tane\u010dn\u00e1 skupina","publisher":{"@id":"https:\/\/www.larosadg.sk\/#organization"},"potentialAction":[{"@type":"SearchAction","target":{"@type":"EntryPoint","urlTemplate":"https:\/\/www.larosadg.sk\/?s={search_term_string}"},"query-input":"required name=search_term_string"}],"inLanguage":"en-US"},{"@type":"WebPage","@id":"https:\/\/www.larosadg.sk\/en\/contact\/#webpage","url":"https:\/\/www.larosadg.sk\/en\/contact\/","name":"Contact - La Rosa - You can find us here","isPartOf":{"@id":"https:\/\/www.larosadg.sk\/#website"},"datePublished":"2021-06-04T10:25:48+00:00","dateModified":"2023-02-27T18:53:29+00:00","description":"Are you interested in our performance? Or do you want to prepare a tailor-made dance program? Mobil: +421 910 169 310, E-mail: larosadancegroup@gmail.com.","breadcrumb":{"@id":"https:\/\/www.larosadg.sk\/en\/contact\/#breadcrumb"},"inLanguage":"en-US","potentialAction":[{"@type":"ReadAction","target":["https:\/\/www.larosadg.sk\/en\/contact\/"]}]},{"@type":"BreadcrumbList","@id":"https:\/\/www.larosadg.sk\/en\/contact\/#breadcrumb","itemListElement":[{"@type":"ListItem","position":1,"name":"Home","item":"https:\/\/www.larosadg.sk\/en\/"},{"@type":"ListItem","position":2,"name":"Contact"}]}]}},"_links":{"self":[{"href":"https:\/\/www.larosadg.sk\/en\/wp-json\/wp\/v2\/pages\/333"}],"collection":[{"href":"https:\/\/www.larosadg.sk\/en\/wp-json\/wp\/v2\/pages"}],"about":[{"href":"https:\/\/www.larosadg.sk\/en\/wp-json\/wp\/v2\/types\/page"}],"author":[{"embeddable":true,"href":"https:\/\/www.larosadg.sk\/en\/wp-json\/wp\/v2\/users\/1"}],"replies":[{"embeddable":true,"href":"https:\/\/www.larosadg.sk\/en\/wp-json\/wp\/v2\/comments?post=333"}],"version-history":[{"count":6,"href":"https:\/\/www.larosadg.sk\/en\/wp-json\/wp\/v2\/pages\/333\/revisions"}],"predecessor-version":[{"id":1627,"href":"https:\/\/www.larosadg.sk\/en\/wp-json\/wp\/v2\/pages\/333\/revisions\/1627"}],"wp:attachment":[{"href":"https:\/\/www.larosadg.sk\/en\/wp-json\/wp\/v2\/media?parent=333"}],"curies":[{"name":"wp","href":"https:\/\/api.w.org\/{rel}","templated":true}]}}